{"id":294,"date":"2018-10-03T09:54:02","date_gmt":"2018-10-03T09:54:02","guid":{"rendered":"http:\/\/christinastucky.ch\/?page_id=294"},"modified":"2018-10-05T08:35:13","modified_gmt":"2018-10-05T06:35:13","slug":"294-2","status":"publish","type":"page","link":"https:\/\/christinastucky.ch\/?page_id=294&lang=de","title":{"rendered":"Ausbildnerin Journalistin Redakteurin"},"content":{"rendered":"<h1><\/h1>\n<h1 style=\"text-align: left;\">Was treibt mich an?<\/h1>\n<ul>\n<li>\n<h4><span style=\"color: #333333;\">Mit Menschen aus aller Welt zusammenzuarbeiten<\/span><\/h4>\n<\/li>\n<li>\n<h4><span style=\"color: #333333;\">Ihre Kommunikations- und Schreibkompetenzen zu st\u00e4rken<\/span><\/h4>\n<\/li>\n<li>\n<h4><span style=\"color: #333333;\">Sie dabei zu unterst\u00fctzen, wirkungsvoll in kulturell gemischten Teams zusammenzuarbeiten oder diese zu f\u00fchren<\/span><\/h4>\n<\/li>\n<li>\n<h4><span style=\"color: #333333;\">Artikel und Texte so zu recherchieren, schreiben, strukturieren und redigieren, damit sie auch gelesen werden<\/span><\/h4>\n<\/li>\n<\/ul>\n<p>&nbsp;<\/p>\n<p>&nbsp;<\/p>\n","protected":false},"excerpt":{"rendered":"<p>Was treibt mich an? Mit Menschen aus aller Welt zusammenzuarbeiten Ihre Kommunikations- und Schreibkompetenzen zu st\u00e4rken Sie dabei zu unterst\u00fctzen, wirkungsvoll in kulturell gemischten Teams zusammenzuarbeiten oder diese zu f\u00fchren Artikel und Texte so zu recherchieren, schreiben, strukturieren und redigieren, &hellip; <a href=\"https:\/\/christinastucky.ch\/?page_id=294&#038;lang=de\">Weiterlesen<\/a><\/p>\n","protected":false},"author":1,"featured_media":0,"parent":0,"menu_order":0,"comment_status":"closed","ping_status":"closed","template":"","meta":{"footnotes":""},"class_list":["post-294","page","type-page","status-publish","hentry"],"_links":{"self":[{"href":"https:\/\/christinastucky.ch\/index.php?rest_route=\/wp\/v2\/pages\/294","targetHints":{"allow":["GET"]}}],"collection":[{"href":"https:\/\/christinastucky.ch\/index.php?rest_route=\/wp\/v2\/pages"}],"about":[{"href":"https:\/\/christinastucky.ch\/index.php?rest_route=\/wp\/v2\/types\/page"}],"author":[{"embeddable":true,"href":"https:\/\/christinastucky.ch\/index.php?rest_route=\/wp\/v2\/users\/1"}],"replies":[{"embeddable":true,"href":"https:\/\/christinastucky.ch\/index.php?rest_route=%2Fwp%2Fv2%2Fcomments&post=294"}],"version-history":[{"count":17,"href":"https:\/\/christinastucky.ch\/index.php?rest_route=\/wp\/v2\/pages\/294\/revisions"}],"predecessor-version":[{"id":397,"href":"https:\/\/christinastucky.ch\/index.php?rest_route=\/wp\/v2\/pages\/294\/revisions\/397"}],"wp:attachment":[{"href":"https:\/\/christinastucky.ch\/index.php?rest_route=%2Fwp%2Fv2%2Fmedia&parent=294"}],"curies":[{"name":"wp","href":"https:\/\/api.w.org\/{rel}","templated":true}]}}