{"id":296,"date":"2018-10-03T09:59:53","date_gmt":"2018-10-03T09:59:53","guid":{"rendered":"http:\/\/christinastucky.ch\/?page_id=296"},"modified":"2019-02-13T16:14:14","modified_gmt":"2019-02-13T15:14:14","slug":"was-ich-fur-sie-tun-kann","status":"publish","type":"page","link":"https:\/\/christinastucky.ch\/?page_id=296&lang=de","title":{"rendered":"Was ich f\u00fcr Sie tun kann"},"content":{"rendered":"<h3>Trainings konzipieren und leiten<\/h3>\n<h5>Ich entwickle auf der Basis Ihrer Bed\u00fcrfnisse massgeschneiderte, praxisnahe Workshops zu diesen Themenbereichen:<\/h5>\n<h4>Interne und externe Kommunikation<\/h4>\n<ul>\n<li>Zielpublika und wie Sie sie am besten erreichen<\/li>\n<li>Kernbotschaften und Mission Statements<\/li>\n<li>Medienarbeit und\u00a0Krisenkommunikation<\/li>\n<li>Kommunikationsstrategien und Kommunikationsplanung<\/li>\n<li>Interne Kommunikation in Ihrem Unternehmen, Ihrer Organisation verbessern<\/li>\n<li>Wirkungsvolle, publikumsgerechte Pr\u00e4sentationen<\/li>\n<\/ul>\n<p>&nbsp;<\/p>\n<h4>Texten \/ Schreiben<\/h4>\n<ul>\n<li>Die Lesbarkeit, den Aufbau und den Lesefluss verbessern<\/li>\n<li>F\u00fcr verschiedene Kommunikationsplattformen und -Kan\u00e4le schreiben<\/li>\n<li>Reportagen, Storytelling<\/li>\n<\/ul>\n<h4><\/h4>\n<h4>Interkulturelle Kommunikation \/ Interkulturelle Kompetenzen<\/h4>\n<ul>\n<li>Wirkungsvolles und effizientes Arbeiten in kulturell gemischten Teams<img loading=\"lazy\" decoding=\"async\" class=\"alignright wp-image-407\" src=\"https:\/\/christinastucky.ch\/wp-content\/uploads\/2019\/02\/Siegel-Zertifizierter-Interkultureller-Trainer-IKUD-Seminare-200dpi-300x300.png\" alt=\"\" width=\"190\" height=\"190\" srcset=\"https:\/\/christinastucky.ch\/wp-content\/uploads\/2019\/02\/Siegel-Zertifizierter-Interkultureller-Trainer-IKUD-Seminare-200dpi-300x300.png 300w, https:\/\/christinastucky.ch\/wp-content\/uploads\/2019\/02\/Siegel-Zertifizierter-Interkultureller-Trainer-IKUD-Seminare-200dpi-150x150.png 150w, https:\/\/christinastucky.ch\/wp-content\/uploads\/2019\/02\/Siegel-Zertifizierter-Interkultureller-Trainer-IKUD-Seminare-200dpi-60x60.png 60w, https:\/\/christinastucky.ch\/wp-content\/uploads\/2019\/02\/Siegel-Zertifizierter-Interkultureller-Trainer-IKUD-Seminare-200dpi.png 315w\" sizes=\"auto, (max-width: 190px) 100vw, 190px\" \/><\/li>\n<li>Vorbereitung auf Arbeitseins\u00e4tze im Ausland (inkl., aber nicht beschr\u00e4nkt auf, die Schweiz, USA, S\u00fcdafrika)<\/li>\n<li>Unterschiedliche, kulturell gepr\u00e4gte Kommunikationsstile kennenlernen und verstehen<\/li>\n<li>Umgang mit Konfliktsituationen in kulturell gemischten Teams<\/li>\n<\/ul>\n<h4><\/h4>\n<h4>Journalismus\/Medienentwicklung<\/h4>\n<ul>\n<li>Interviews, Recherche, News,\u00a0News-Features, Reportagen, Portr\u00e4ts, narrativer Journalismus\/Storytelling\u00a0f\u00fcr Online und Print<\/li>\n<li>Ethische Grunds\u00e4tze, Codes of Conduct<\/li>\n<li>Berichterstattung \u00fcber sensible Themen, inkl. Interviews mit Kindern, Opfern von Gewalt und stigmatisierten Bev\u00f6lkerungsgruppen<\/li>\n<li>Themenspezifische Workshops: z.B. UNO-Ziele f\u00fcr nachhaltige Entwicklung (SDGs), Gesundheit, Konflikte, Gender Mainstreaming<\/li>\n<li>Vorbereitung f\u00fcr die Berichterstattung \u00fcber Konferenzen oder Gipfel (z.B. UNO-Konferenzen)<\/li>\n<\/ul>\n<hr \/>\n<h3>Textredaktion<\/h3>\n<p>Ich redigiere und korrigiere Artikel, Berichte, Brosch\u00fcren in deutscher und englischer Sprache.<\/p>\n<ul>\n<li>Korrekturlesen: Grammatik, Interpunktion, Satzbau und L\u00e4nge<\/li>\n<li>Redaktion: Wie lesbar ist der Text? Ist er gut strukturiert? Ist die Botschaft klar? Kann ein externer Leser den Inhalt verstehen? Ist der Text frei von Jargon? Gibt es Sachfehler oder Fehler in der Logik? Fehlen Informationen, die den Lesern helfen w\u00fcrden, das Thema oder die Problematik zu verstehen?<\/li>\n<li>\u00dcberpr\u00fcfung von \u00dcbersetzungen. Zielsprachen: Deutsch oder Englisch, Ausgangssprachen: Englisch, Deutsch, je nach Thema auch Franz\u00f6sisch<\/li>\n<\/ul>\n<hr \/>\n<h3>Beratung und Consulting<\/h3>\n<ul>\n<li>Interne und externe Kommunikation: Beratung bei Kommunikationsvorhaben; Evaluierung der internen und\/oder externen Kommunikation von Organisationen, Unternehmen.<\/li>\n<li>Kommunikation \u00fcber Entwicklung und internationale Zusammenarbeit: Wirksamkeit der externen Kommunikation st\u00e4rken; Publikumsanalyse; Kommunikation mit Projektpartnern.<\/li>\n<li>Medienentwicklung: Verbesserung der journalistischen Praxis, inkl. journalistisch-ethische Praxis; Teammanagement.<\/li>\n<li>Interkulturelle Kommunikation: St\u00e4rkung der interkulturellen Kompetenzen der Mitarbeitenden, kultur\u00fcbergreifende Kommunikation am Arbeitsplatz.<\/li>\n<\/ul>\n<hr \/>\n<h3>Journalismus und Texten<\/h3>\n<p>Als Journalistin und Auslandkorrespondentin habe ich \u00fcber ein breites Themenspektrum berichtet (siehe &#8222;Wer ich bin&#8220;). Ich verf\u00fcge \u00fcber eine ausgewiesene Expertise der Entwicklungsthemen und der internationalen Zusammenarbeit sowie \u00fcber fundierte Afrika-Kenntnisse, insbesondere Sub-Sahara Afrika.<\/p>\n<ul>\n<li>Inhalte f\u00fcr Publikationen (z.B. Gesch\u00e4ftsberichte, Brosch\u00fcren, Zeitschriften, Zeitungen, Newsletter)<\/li>\n<li>News, News Features, Frage-und-Antwort-Interviews, Portr\u00e4ts<\/li>\n<\/ul>\n<p>&nbsp;<\/p>\n","protected":false},"excerpt":{"rendered":"<p>Trainings konzipieren und leiten Ich entwickle auf der Basis Ihrer Bed\u00fcrfnisse massgeschneiderte, praxisnahe Workshops zu diesen Themenbereichen: Interne und externe Kommunikation Zielpublika und wie Sie sie am besten erreichen Kernbotschaften und Mission Statements Medienarbeit und\u00a0Krisenkommunikation Kommunikationsstrategien und Kommunikationsplanung Interne Kommunikation &hellip; <a href=\"https:\/\/christinastucky.ch\/?page_id=296&#038;lang=de\">Weiterlesen<\/a><\/p>\n","protected":false},"author":1,"featured_media":0,"parent":0,"menu_order":0,"comment_status":"closed","ping_status":"closed","template":"","meta":{"footnotes":""},"class_list":["post-296","page","type-page","status-publish","hentry"],"_links":{"self":[{"href":"https:\/\/christinastucky.ch\/index.php?rest_route=\/wp\/v2\/pages\/296","targetHints":{"allow":["GET"]}}],"collection":[{"href":"https:\/\/christinastucky.ch\/index.php?rest_route=\/wp\/v2\/pages"}],"about":[{"href":"https:\/\/christinastucky.ch\/index.php?rest_route=\/wp\/v2\/types\/page"}],"author":[{"embeddable":true,"href":"https:\/\/christinastucky.ch\/index.php?rest_route=\/wp\/v2\/users\/1"}],"replies":[{"embeddable":true,"href":"https:\/\/christinastucky.ch\/index.php?rest_route=%2Fwp%2Fv2%2Fcomments&post=296"}],"version-history":[{"count":19,"href":"https:\/\/christinastucky.ch\/index.php?rest_route=\/wp\/v2\/pages\/296\/revisions"}],"predecessor-version":[{"id":412,"href":"https:\/\/christinastucky.ch\/index.php?rest_route=\/wp\/v2\/pages\/296\/revisions\/412"}],"wp:attachment":[{"href":"https:\/\/christinastucky.ch\/index.php?rest_route=%2Fwp%2Fv2%2Fmedia&parent=296"}],"curies":[{"name":"wp","href":"https:\/\/api.w.org\/{rel}","templated":true}]}}