{"id":300,"date":"2018-10-03T10:03:03","date_gmt":"2018-10-03T10:03:03","guid":{"rendered":"http:\/\/christinastucky.ch\/?page_id=300"},"modified":"2022-11-13T18:41:28","modified_gmt":"2022-11-13T17:41:28","slug":"wer-ich-bin","status":"publish","type":"page","link":"https:\/\/christinastucky.ch\/?page_id=300&lang=de","title":{"rendered":"Wer ich bin"},"content":{"rendered":"<p><img loading=\"lazy\" decoding=\"async\" class=\" wp-image-388 alignright\" src=\"https:\/\/christinastucky.ch\/wp-content\/uploads\/2018\/10\/Christina-Stucky-P7230763-1.jpg\" alt=\"\" width=\"421\" height=\"341\" srcset=\"https:\/\/christinastucky.ch\/wp-content\/uploads\/2018\/10\/Christina-Stucky-P7230763-1.jpg 3455w, https:\/\/christinastucky.ch\/wp-content\/uploads\/2018\/10\/Christina-Stucky-P7230763-1-300x243.jpg 300w, https:\/\/christinastucky.ch\/wp-content\/uploads\/2018\/10\/Christina-Stucky-P7230763-1-768x622.jpg 768w, https:\/\/christinastucky.ch\/wp-content\/uploads\/2018\/10\/Christina-Stucky-P7230763-1-1024x829.jpg 1024w\" sizes=\"auto, (max-width: 421px) 100vw, 421px\" \/><\/p>\n<h3>Ich bin eine international erfahrene Ausbildnerin<\/h3>\n<p>Seit mehr als 20 Jahren konzipiere und leite ich Workshops auf der ganzen Welt in den Bereichen interne und externe Kommunikation, interkulturelle Kompetenzen und Kommunikation, Schreiben, Medienentwicklung.<\/p>\n<p>In Workshops f\u00fcr Journalistinnen und Journalisten aus Afghanistan, Bangladesch, Ghana, Indien, Indonesien, Kenia, Malawi, der Mongolei, Nigeria, Pakistan, den Philippinen, Ruanda, S\u00fcdafrika, Swasiland, Tansania, Uganda, Vietnam und Simbabwe ging es darum, ihre journalistische Praxis zu verbessern, sie f\u00fcr die Berichterstattung \u00fcber Konferenzen vorzubereiten oder ihre thematischen Kompetenzen zu st\u00e4rken.<\/p>\n<p>Aus diesen L\u00e4ndern kamen die Teilnehmerinnen und Teilnehmer an massgeschneiderten Kommunikationstrainings f\u00fcr Kommunikationsbeauftragte und Fachpersonen der Entwicklungszusammenarbeit: Afghanistan, Albanien, Armenien, Aserbaidschan, Bangladesch, Bhutan, Bolivien, Bosnien-Herzegowina, Kambodscha, \u00c4gypten, Georgien, Indien, Jordanien, Kenia, Kirgisistan, Laos, Mazedonien, Moldawien, Mongolei, Mosambik, Myanmar, Nepal, Nicaragua, Niger, Besetzte Pal\u00e4stinensische Gebiete, Pakistan, Polen, Rum\u00e4nien, Ruanda, S\u00fcdafrika, Sudan, Schweiz, Tadschikistan, Tansania, Tunesien, Ukraine, Usbekistan, Vietnam und Simbabwe.<\/p>\n<p>Als zertifizierte interkulturelle Ausbildnerin helfe ich Menschen, ihre interkulturelle Kompetenzen aufzubauen, effizienter in kulturell gemischten Teams zusammenzuarbeiten oder diese zu f\u00fchren.\u00a0In massgeschneiderten Trainings, in denen es um kultur\u00fcbergreifende interkulturelle Sensibilisierung und den Umgang mit Fremdkulturen geht, bereite ich F\u00fchrungskr\u00e4fte, Fachpersonen und Projektleitende auf Auslandeins\u00e4tze vor.\u00a0Fachleuten und ihren Familien gebe ich die kulturellen Kompetenzen mit, die sie brauchen, um Beruf und Alltag in der Schweiz, den USA und S\u00fcdafrika reibungsloser zu gestalten. Sie lernen z.B. die Besonderheiten der Kommunikationsstile in diesen L\u00e4ndern kennen und reflektieren ihren eigenen kulturell gepr\u00e4gten Kommunikationsstil.<\/p>\n<h3>Ich bin eine professionelle Textredakteurin<\/h3>\n<p>Ich redigiere Texte nach den Grunds\u00e4tzen des klaren Schreibens. Ist die Sprache die richtige f\u00fcr Ihre Zielgruppe? Sind die Kernbotschaften klar formuliert? Ist der Text logisch und f\u00fcr Leserinnen und Leser verst\u00e4ndlich aufgebaut? Wie steht es um die Lesbarkeit und den Rhythmus des Textes?<\/p>\n<h3>Ich bin eine ausgewiesene Kommunikationsspezialistin<\/h3>\n<p>Ich verf\u00fcge \u00fcber mehr als 10 Jahre Erfahrung als Kommunikationsfachperson f\u00fcr die Direktion f\u00fcr Entwicklung und Zusammenarbeit (DEZA) im Eidgen\u00f6ssischen Departement f\u00fcr ausw\u00e4rtige Angelegenheiten (EDA) in der Schweiz. Ich bin mit den Besonderheiten der externen Kommunikation einer Bundesverwaltung vertraut und verf\u00fcge \u00fcber ein fundiertes Wissen \u00fcber Entwicklung und internationale Zusammenarbeit.<\/p>\n<h3>Ich bin eine mehrfach ausgezeichnete Journalistin<\/h3>\n<p>Mehr als 20 Jahre arbeitete und arbeite ich als Reporterin, Auslandskorrespondentin und freie Journalistin in den USA, der Schweiz, Tschechien und S\u00fcdafrika.<\/p>\n<p>Krisen und Konflikte, Konferenzen und Ereignisse von internationaler oder nationaler Tragweite geh\u00f6rten in dieser Zeit zu meinem T\u00e4tigkeitsgebiet: vom V\u00f6lkermord in Ruanda zu Wahlen in Simbabwe, von der UNO-Frauen-Konferenz Bejing+5 in New York oder der UNO-Konferenz gegen Rassismus in Durban bis hin zu den Anh\u00f6rungen der Kommission f\u00fcr Wahrheit und Vers\u00f6hnung in S\u00fcdafrika. Auch Schulratssitzungen im l\u00e4ndlichen Minnesota (USA) geh\u00f6rten zu meiner Arbeit.<\/p>\n<p>Ich habe \u00fcber Themen geschrieben, die selten Schlagzeilen machen: \u00fcber die Lebensrealit\u00e4ten von Asylbewerbern in der Schweiz, von sahrauischen Fl\u00fcchtlingen im S\u00fcdosten Algeriens oder von armen Menschen im l\u00e4ndlichen oder urbanen Afrika.<\/p>\n<p>Reiseberichte, Glossen, Portr\u00e4ts und Kolumnen geh\u00f6ren genauso zu meinem Repertoire wie Nachrichtentexte, l\u00e4ngere News Features und Reportagen &#8211; also das, was heute gerne als Storytelling bezeichnet wird.<\/p>\n<p>Meine Arbeit wurde mit verschiedenen Preisen ausgezeichnet: der Minnesota Newspaper Association Preis f\u00fcr die &#8222;Beste Kolumne&#8220;, der &#8222;Katlego Development Journalism Award&#8220; der South African NGO Coalition, und den zweiten Platz in der Kategorie Printmedien beim &#8222;CNN African Journalist of the Year Award&#8220;.<\/p>\n<h3>Biographie:<\/h3>\n<ul>\n<li>In der Schweiz geboren und in einer binationalen Familie (Schweiz\/USA) aufgewachsen.<\/li>\n<li>Besuch der Schweizer Primarschule und der American International School of Zurich (heute: Zurich International School)<\/li>\n<li>Muttersprache Englisch und Deutsch (und Schweizerdeutsch); gutes Franz\u00f6sisch im Arbeitskontext<\/li>\n<li>Universit\u00e4tsstudium in den Vereinigten Staaten und im Vereinigten K\u00f6nigreich<\/li>\n<li>Weitere Studien: &#8222;Train the Intercultural Trainer&#8220;, IKUD, G\u00f6ttingen\/Deutschland, zertifiziert durch die Deutsche Gesellschaft f\u00fcr Interkulturelle Trainingsqualit\u00e4t e.V. (dgikt); &#8222;Interkulturelle Kompetenzentwicklung f\u00fcr Fachleute&#8220;, Winter School der Universit\u00e4t Groningen mit Dr. Janet Bennett, Executive Director Intercultural Communication Institute, USA; FAMU International Film School, Prag\/Tschechien<\/li>\n<li>Mitglied des Schweizerischen Korps f\u00fcr humanit\u00e4re Hilfe SKH<\/li>\n<li>Grosse Leidenschaft f\u00fcr Fotografie, Film, Geschichte und Reisen<\/li>\n<\/ul>\n","protected":false},"excerpt":{"rendered":"<p>Ich bin eine international erfahrene Ausbildnerin Seit mehr als 20 Jahren konzipiere und leite ich Workshops auf der ganzen Welt in den Bereichen interne und externe Kommunikation, interkulturelle Kompetenzen und Kommunikation, Schreiben, Medienentwicklung. In Workshops f\u00fcr Journalistinnen und Journalisten aus &hellip; <a href=\"https:\/\/christinastucky.ch\/?page_id=300&#038;lang=de\">Weiterlesen<\/a><\/p>\n","protected":false},"author":1,"featured_media":0,"parent":0,"menu_order":0,"comment_status":"closed","ping_status":"closed","template":"","meta":{"footnotes":""},"class_list":["post-300","page","type-page","status-publish","hentry"],"_links":{"self":[{"href":"https:\/\/christinastucky.ch\/index.php?rest_route=\/wp\/v2\/pages\/300","targetHints":{"allow":["GET"]}}],"collection":[{"href":"https:\/\/christinastucky.ch\/index.php?rest_route=\/wp\/v2\/pages"}],"about":[{"href":"https:\/\/christinastucky.ch\/index.php?rest_route=\/wp\/v2\/types\/page"}],"author":[{"embeddable":true,"href":"https:\/\/christinastucky.ch\/index.php?rest_route=\/wp\/v2\/users\/1"}],"replies":[{"embeddable":true,"href":"https:\/\/christinastucky.ch\/index.php?rest_route=%2Fwp%2Fv2%2Fcomments&post=300"}],"version-history":[{"count":12,"href":"https:\/\/christinastucky.ch\/index.php?rest_route=\/wp\/v2\/pages\/300\/revisions"}],"predecessor-version":[{"id":426,"href":"https:\/\/christinastucky.ch\/index.php?rest_route=\/wp\/v2\/pages\/300\/revisions\/426"}],"wp:attachment":[{"href":"https:\/\/christinastucky.ch\/index.php?rest_route=%2Fwp%2Fv2%2Fmedia&parent=300"}],"curies":[{"name":"wp","href":"https:\/\/api.w.org\/{rel}","templated":true}]}}