{"id":303,"date":"2018-10-03T10:11:45","date_gmt":"2018-10-03T10:11:45","guid":{"rendered":"http:\/\/christinastucky.ch\/?page_id=303"},"modified":"2022-11-13T18:36:10","modified_gmt":"2022-11-13T17:36:10","slug":"303-2","status":"publish","type":"page","link":"https:\/\/christinastucky.ch\/?page_id=303&lang=de","title":{"rendered":"Kunden"},"content":{"rendered":"<h3>Workshops und Trainings<\/h3>\n<h4>Bisherige und aktuelle Kunden:<\/h4>\n<ul>\n<li>Centre for the Study of Violence and Reconciliation (S\u00fcdafrika)<\/li>\n<li>Foundation for Human Rights (S\u00fcdafrika)<\/li>\n<li>GenderLinks (S\u00fcdafrika)<\/li>\n<li>International Institute for Journalism (InWent\/GIZ, Deutschland)<\/li>\n<li>Institute for the Advancement of Journalism (S\u00fcdafrika)<\/li>\n<li>Institute for War and Peace Reporting (UK)<\/li>\n<li>International Fund for Animal Welfare (USA)<\/li>\n<li>Margaret Sanger Center International (USA)<\/li>\n<li>Market Photo Workshop (S\u00fcdafrika)<\/li>\n<li>NIZA (Niederlande)<\/li>\n<li>OR Tambo Municipality (KwaZulu Natal, S\u00fcdafrika)<\/li>\n<li>Press Institute of Mongolia<\/li>\n<li>Regional Psychosocial Support Initiative REPSSI (Simbabwe, S\u00fcdafrika)<\/li>\n<li>Reproductive Health Research Unit (S\u00fcdafrika)<\/li>\n<li>Southern African Institute for Fundraising (S\u00fcdafrika)<\/li>\n<li>Southern African Institute for International Relations (S\u00fcdafrika)<\/li>\n<li>Southern African Media Training Trust (NSJ, Skandinavien)<\/li>\n<li>Swiss Agency for Development and Cooperation (Schweiz, and zahlreiche ausl\u00e4ndische Partnerorganisationen)<\/li>\n<li>University of the Witwatersrand Journalism Programme (S\u00fcdafrika)<\/li>\n<\/ul>\n<h3>Journalismus<\/h3>\n<h4>Bisherige und aktuelle Kunden:<\/h4>\n<ul>\n<li>Africa Confidential (UK)<\/li>\n<li>Choices Magazine (UNDP)<\/li>\n<li>The Christian Science Monitor (USA)<\/li>\n<li>Elle (S\u00fcdafrika)<\/li>\n<li>Facts (Schweiz)<\/li>\n<li>The Houston Chronicle (USA)<\/li>\n<li>International Bar News (UK)<\/li>\n<li>IPI Global Journalist (\u00d6sterreich)<\/li>\n<li>Leadership Magazine (S\u00fcdafrika)<\/li>\n<li>Das Magazin (Schweiz)<\/li>\n<li>Marie-Claire (S\u00fcdafrika)<\/li>\n<li>NewsAfrica (UK)<\/li>\n<li>Neue Z\u00fcrcher Zeitung (Schweiz)<\/li>\n<li>NZZ am Sonntag (Schweiz)<\/li>\n<li>The Observer (UK)<\/li>\n<li>The Ottowa Citizen (Kanada)<\/li>\n<li>The Prague Post (Tschechische Republik\/Tschechien)<\/li>\n<li>Rhodes Journalism Review (S\u00fcdafrika)<\/li>\n<li>The Saturday Star (S\u00fcdafrika)<\/li>\n<li>Sawubona (South African Airways, S\u00fcdafrika)<\/li>\n<li>S\u00fcd-Afrika Magazin (Deutschland)<\/li>\n<li>The Sunday Independent (S\u00fcdafrika)<\/li>\n<li>Swiss Magazine (Swiss International Air Lines, Schweiz)<\/li>\n<li>Swissinfo (Schweiz)<\/li>\n<li>Tribute Magazine (S\u00fcdafrika)<\/li>\n<li>Der \u00dcberblick (Deutschland)<\/li>\n<li>The Weekender (S\u00fcdafrika)<\/li>\n<li>welt-sichten (Deutschland)<\/li>\n<li>Die Weltwoche (Schweiz)<\/li>\n<\/ul>\n","protected":false},"excerpt":{"rendered":"<p>Workshops und Trainings Bisherige und aktuelle Kunden: Centre for the Study of Violence and Reconciliation (S\u00fcdafrika) Foundation for Human Rights (S\u00fcdafrika) GenderLinks (S\u00fcdafrika) International Institute for Journalism (InWent\/GIZ, Deutschland) Institute for the Advancement of Journalism (S\u00fcdafrika) Institute for War and &hellip; <a href=\"https:\/\/christinastucky.ch\/?page_id=303&#038;lang=de\">Weiterlesen<\/a><\/p>\n","protected":false},"author":1,"featured_media":0,"parent":0,"menu_order":0,"comment_status":"closed","ping_status":"closed","template":"","meta":{"footnotes":""},"class_list":["post-303","page","type-page","status-publish","hentry"],"_links":{"self":[{"href":"https:\/\/christinastucky.ch\/index.php?rest_route=\/wp\/v2\/pages\/303","targetHints":{"allow":["GET"]}}],"collection":[{"href":"https:\/\/christinastucky.ch\/index.php?rest_route=\/wp\/v2\/pages"}],"about":[{"href":"https:\/\/christinastucky.ch\/index.php?rest_route=\/wp\/v2\/types\/page"}],"author":[{"embeddable":true,"href":"https:\/\/christinastucky.ch\/index.php?rest_route=\/wp\/v2\/users\/1"}],"replies":[{"embeddable":true,"href":"https:\/\/christinastucky.ch\/index.php?rest_route=%2Fwp%2Fv2%2Fcomments&post=303"}],"version-history":[{"count":5,"href":"https:\/\/christinastucky.ch\/index.php?rest_route=\/wp\/v2\/pages\/303\/revisions"}],"predecessor-version":[{"id":421,"href":"https:\/\/christinastucky.ch\/index.php?rest_route=\/wp\/v2\/pages\/303\/revisions\/421"}],"wp:attachment":[{"href":"https:\/\/christinastucky.ch\/index.php?rest_route=%2Fwp%2Fv2%2Fmedia&parent=303"}],"curies":[{"name":"wp","href":"https:\/\/api.w.org\/{rel}","templated":true}]}}